{"id":5966,"date":"2017-06-10T08:34:22","date_gmt":"2017-06-10T08:34:22","guid":{"rendered":"https:\/\/awshussein.com\/sss\/"},"modified":"2024-08-15T13:15:08","modified_gmt":"2024-08-15T13:15:08","slug":"sss","status":"publish","type":"page","link":"https:\/\/awshussein.com\/tr\/sss\/","title":{"rendered":"sss"},"content":{"rendered":"\t\t<div data-elementor-type=\"wp-page\" data-elementor-id=\"5966\" class=\"elementor elementor-5966\" data-elementor-post-type=\"page\">\n\t\t\t\t<div class=\"elementor-element elementor-element-fa6c9b0 e-flex e-con-boxed e-con e-parent\" data-id=\"fa6c9b0\" data-element_type=\"container\" data-e-type=\"container\">\n\t\t\t\t\t<div class=\"e-con-inner\">\n\t\t<div class=\"elementor-element elementor-element-294b7c5 e-con-full e-flex e-con e-child\" data-id=\"294b7c5\" data-element_type=\"container\" data-e-type=\"container\">\n\t\t\t\t<div class=\"elementor-element elementor-element-3157773 elementor-widget elementor-widget-heading\" data-id=\"3157773\" data-element_type=\"widget\" data-e-type=\"widget\" data-widget_type=\"heading.default\">\n\t\t\t\t<div class=\"elementor-widget-container\">\n\t\t\t\t\t<h2 class=\"elementor-heading-title elementor-size-default\">Bana sor<\/h2>\t\t\t\t<\/div>\n\t\t\t\t<\/div>\n\t\t\t\t<div class=\"elementor-element elementor-element-abf862e elementor-widget elementor-widget-heading\" data-id=\"abf862e\" data-element_type=\"widget\" data-e-type=\"widget\" data-widget_type=\"heading.default\">\n\t\t\t\t<div class=\"elementor-widget-container\">\n\t\t\t\t\t<p class=\"elementor-heading-title elementor-size-default\">Sorunuzu bana g\u00f6nderin, size en k\u0131sa s\u00fcrede cevap verece\u011fim.<\/p>\t\t\t\t<\/div>\n\t\t\t\t<\/div>\n\t\t\t\t<div class=\"elementor-element elementor-element-f59f3f3 elementor-button-align-start elementor-widget elementor-widget-form\" data-id=\"f59f3f3\" data-element_type=\"widget\" data-e-type=\"widget\" data-settings=\"{&quot;button_width&quot;:&quot;30&quot;,&quot;step_next_label&quot;:&quot;sonraki&quot;,&quot;step_previous_label&quot;:&quot;\\u00d6nceki&quot;,&quot;step_type&quot;:&quot;number_text&quot;,&quot;step_icon_shape&quot;:&quot;circle&quot;}\" data-widget_type=\"form.default\">\n\t\t\t\t<div class=\"elementor-widget-container\">\n\t\t\t\t\t\t\t<form class=\"elementor-form\" method=\"post\" name=\"Yeni Form\" aria-label=\"Yeni Form\">\n\t\t\t<input type=\"hidden\" name=\"post_id\" value=\"5966\"\/>\n\t\t\t<input type=\"hidden\" name=\"form_id\" value=\"f59f3f3\"\/>\n\t\t\t<input type=\"hidden\" name=\"referer_title\" value=\"sss - Aws Hussein En s\u0131k sorulan sorular ve yan\u0131tlar\u0131\" \/>\n\n\t\t\t\t\t\t\t<input type=\"hidden\" name=\"queried_id\" value=\"5966\"\/>\n\t\t\t\n\t\t\t<div class=\"elementor-form-fields-wrapper elementor-labels-above\">\n\t\t\t\t\t\t\t\t<div class=\"elementor-field-type-text elementor-field-group elementor-column elementor-field-group-name elementor-col-100 elementor-field-required elementor-mark-required\">\n\t\t\t\t\t\t\t\t\t\t\t\t<label for=\"form-field-name\" class=\"elementor-field-label\">\n\t\t\t\t\t\t\t\tAd\u0131n\u0131z\t\t\t\t\t\t\t<\/label>\n\t\t\t\t\t\t\t\t\t\t\t\t\t\t<input size=\"1\" type=\"text\" name=\"form_fields[name]\" id=\"form-field-name\" class=\"elementor-field elementor-size-sm  elementor-field-textual\" required=\"required\">\n\t\t\t\t\t\t\t\t\t\t\t<\/div>\n\t\t\t\t\t\t\t\t<div class=\"elementor-field-type-email elementor-field-group elementor-column elementor-field-group-email elementor-col-100 elementor-field-required elementor-mark-required\">\n\t\t\t\t\t\t\t\t\t\t\t\t<label for=\"form-field-email\" class=\"elementor-field-label\">\n\t\t\t\t\t\t\t\tE-posta adresiniz\t\t\t\t\t\t\t<\/label>\n\t\t\t\t\t\t\t\t\t\t\t\t\t\t<input size=\"1\" type=\"email\" name=\"form_fields[email]\" id=\"form-field-email\" class=\"elementor-field elementor-size-sm  elementor-field-textual\" required=\"required\">\n\t\t\t\t\t\t\t\t\t\t\t<\/div>\n\t\t\t\t\t\t\t\t<div class=\"elementor-field-type-tel elementor-field-group elementor-column elementor-field-group-field_426daca elementor-col-100 elementor-field-required elementor-mark-required\">\n\t\t\t\t\t\t\t\t\t\t\t\t<label for=\"form-field-field_426daca\" class=\"elementor-field-label\">\n\t\t\t\t\t\t\t\tTelefonunuz\t\t\t\t\t\t\t<\/label>\n\t\t\t\t\t\t\t\t<input size=\"1\" type=\"tel\" name=\"form_fields[field_426daca]\" id=\"form-field-field_426daca\" class=\"elementor-field elementor-size-sm  elementor-field-textual\" required=\"required\" pattern=\"[0-9()#&amp;+*-=.]+\" title=\"Only numbers and phone characters (#, -, *, etc) are accepted.\">\n\n\t\t\t\t\t\t<\/div>\n\t\t\t\t\t\t\t\t<div class=\"elementor-field-type-textarea elementor-field-group elementor-column elementor-field-group-message elementor-col-100 elementor-field-required elementor-mark-required\">\n\t\t\t\t\t\t\t\t\t\t\t\t<label for=\"form-field-message\" class=\"elementor-field-label\">\n\t\t\t\t\t\t\t\tSorunuz\t\t\t\t\t\t\t<\/label>\n\t\t\t\t\t\t<textarea class=\"elementor-field-textual elementor-field  elementor-size-sm\" name=\"form_fields[message]\" id=\"form-field-message\" rows=\"4\" required=\"required\"><\/textarea>\t\t\t\t<\/div>\n\t\t\t\t\t\t\t\t<div class=\"elementor-field-group elementor-column elementor-field-type-submit elementor-col-30 e-form__buttons\">\n\t\t\t\t\t<button class=\"elementor-button elementor-size-sm\" type=\"submit\">\n\t\t\t\t\t\t<span class=\"elementor-button-content-wrapper\">\n\t\t\t\t\t\t\t\t\t\t\t\t\t\t\t\t\t\t\t\t\t\t<span class=\"elementor-button-text\">G\u00f6nder<\/span>\n\t\t\t\t\t\t\t\t\t\t\t\t\t<\/span>\n\t\t\t\t\t<\/button>\n\t\t\t\t<\/div>\n\t\t\t<\/div>\n\t\t<\/form>\n\t\t\t\t\t\t<\/div>\n\t\t\t\t<\/div>\n\t\t\t\t<\/div>\n\t\t<div class=\"elementor-element elementor-element-240b0ee e-con-full e-flex e-con e-child\" data-id=\"240b0ee\" data-element_type=\"container\" data-e-type=\"container\">\n\t\t\t\t<div class=\"elementor-element elementor-element-d065860 elementor-widget elementor-widget-heading\" data-id=\"d065860\" data-element_type=\"widget\" data-e-type=\"widget\" data-widget_type=\"heading.default\">\n\t\t\t\t<div class=\"elementor-widget-container\">\n\t\t\t\t\t<h3 class=\"elementor-heading-title elementor-size-default\">Sorular\u0131n\u0131z m\u0131 var?<\/h3>\t\t\t\t<\/div>\n\t\t\t\t<\/div>\n\t\t\t\t<div class=\"elementor-element elementor-element-819dac4 elementor-widget elementor-widget-heading\" data-id=\"819dac4\" data-element_type=\"widget\" data-e-type=\"widget\" data-widget_type=\"heading.default\">\n\t\t\t\t<div class=\"elementor-widget-container\">\n\t\t\t\t\t<p class=\"elementor-heading-title elementor-size-default\">L\u00fctfen a\u015fa\u011f\u0131daki sorular\u0131 okuyun ve cevab\u0131n\u0131z\u0131 bulamazsan\u0131z, l\u00fctfen sorunuzu bana g\u00f6nderin, size en k\u0131sa s\u00fcrede cevap verece\u011fim.<\/p>\t\t\t\t<\/div>\n\t\t\t\t<\/div>\n\t\t\t\t<div class=\"elementor-element elementor-element-b2a1647 elementor-widget elementor-widget-cz_accordion\" data-id=\"b2a1647\" data-element_type=\"widget\" data-e-type=\"widget\" data-widget_type=\"cz_accordion.default\">\n\t\t\t\t<div class=\"elementor-widget-container\">\n\t\t\t\t\t<div data-arrows='{\"open\":\"fa fa-angle-down\",\"close\":\"fa fa-angle-up\"}' class=\"cz_acc clr cz_acc_first_open\"><div><div class=\"elementor-repeater-item-f71a205\"><span class=\"cz_acc_child\"><div>Tasar\u0131mlar\u0131 do\u011frudan bask\u0131da kullanabilir miyim?<\/div><\/span><div class=\"cz_acc_child_content clr\"><p>Bask\u0131 i\u00e7in CMYK renk format\u0131nda tasar\u0131mlar haz\u0131rl\u0131yor, kesin kesim yerlerini ve kenar bo\u015fluklar\u0131n\u0131 belirtiyor, ayr\u0131ca gerekirse katlama yerlerini belirliyorum. Bu sayede dosyay\u0131 herhangi bir de\u011fi\u015fiklik veya de\u011fi\u015fiklik yapmadan matbaaya g\u00f6nderebilirsiniz.<\/p>\n<\/div><\/div><div class=\"elementor-repeater-item-196ec00\"><span class=\"cz_acc_child\"><div>Logo tasar\u0131m dosyalar\u0131n\u0131 nas\u0131l al\u0131r\u0131m?<\/div><\/span><div class=\"cz_acc_child_content clr\"><p>Tasar\u0131m\u0131 tamamlad\u0131ktan sonra, logoyu bask\u0131, web sitesi veya sosyal medya i\u00e7in \u00e7e\u015fitli ba\u011flamlarda kullanman\u0131z\u0131 kolayla\u015ft\u0131ran birden fazla formatta dosyalar g\u00f6nderece\u011fiz. Ayr\u0131ca logo kullan\u0131m k\u0131lavuzu, yaz\u0131 tipleri ve renkler t\u00fcm logo uygulamalar\u0131nda d\u00fczeni korumak i\u00e7in faydal\u0131 bir referans olarak sahip olacaks\u0131n\u0131z<\/p>\n<\/div><\/div><div class=\"elementor-repeater-item-10f6c6f\"><span class=\"cz_acc_child\"><div>Tasar\u0131mlar\u0131n teslim s\u00fcresi ne kadard\u0131r?<\/div><\/span><div class=\"cz_acc_child_content clr\"><p>S\u00fcre, projenin boyutu ve karma\u015f\u0131kl\u0131\u011f\u0131 gibi \u00e7e\u015fitli fakt\u00f6rlere ve ayr\u0131ca mevcut \u00e7al\u0131\u015fma program\u0131na ba\u011fl\u0131 olarak de\u011fi\u015febilir. Teslim s\u00fcresi, genellikle birka\u00e7 g\u00fcn ile birka\u00e7 hafta aras\u0131nda de\u011fi\u015fen m\u00fczakere a\u015famas\u0131nda belirlenir, ancak bu tahminler projenin ko\u015fullar\u0131na ve gereksinimlerine ba\u011fl\u0131 olarak de\u011fi\u015febilir.<\/p>\n<\/div><\/div><div class=\"elementor-repeater-item-101db02\"><span class=\"cz_acc_child\"><div>Hangi \u00f6deme y\u00f6ntemleriniz var?<\/div><\/span><div class=\"cz_acc_child_content clr\"><p>Uluslararas\u0131 Banka Hesap Numaras\u0131 (IBAN) \u00fczerinden Western Union, MoneyGram veya T\u00fcrkiye i\u00e7inde banka havalesi ile \u00f6deme yapabilece\u011finiz bir\u00e7ok \u00f6deme y\u00f6ntemi sunuyorum.<\/p>\n<\/div><\/div><div class=\"elementor-repeater-item-c7033ad\"><span class=\"cz_acc_child\"><div>Tasar\u0131m de\u011fi\u015fikli\u011fi talep edebilir miyim?<\/div><\/span><div class=\"cz_acc_child_content clr\"><p>Elbette, gerekirse tasar\u0131mda de\u011fi\u015fiklik talep edebilirsiniz. Tasar\u0131m s\u00fcreci genellikle etkile\u015fimlidir ve istenen sonucu elde etmek i\u00e7in ileti\u015fim kurar\u0131z. \u0130lk tasar\u0131m\u0131 ald\u0131ktan sonra inceleyebilir ve istedi\u011finiz de\u011fi\u015fiklikleri veya modifikasyonlar\u0131 g\u00f6nderebilirsiniz.<\/p>\n<\/div><\/div><div class=\"elementor-repeater-item-399a667\"><span class=\"cz_acc_child\"><div>Tasar\u0131mlar\u0131n kalitesini nas\u0131l garanti edebilirim?<\/div><\/span><div class=\"cz_acc_child_content clr\"><p>\u00c7e\u015fitli alanlarda daha \u00f6nce yap\u0131lan \u00e7al\u0131\u015fmalar\u0131 inceleyerek profesyonel tasar\u0131mlar elde etmeyi sa\u011flayabilir, ayr\u0131ca \u00f6nceki m\u00fc\u015fterilerinizden de bilgi alabilirsiniz.<\/p>\n<\/div><\/div><\/div><\/div>\t\t\t\t<\/div>\n\t\t\t\t<\/div>\n\t\t\t\t<\/div>\n\t\t\t\t\t<\/div>\n\t\t\t\t<\/div>\n\t\t\t\t<\/div>\n\t\t","protected":false},"excerpt":{"rendered":"<p>Bana sor Sorunuzu bana g\u00f6nderin, size en k\u0131sa s\u00fcrede cevap verece\u011fim. &#8230; <\/p>\n","protected":false},"author":3,"featured_media":0,"parent":0,"menu_order":0,"comment_status":"closed","ping_status":"closed","template":"","meta":{"footnotes":""},"class_list":["post-5966","page","type-page","status-publish","hentry"],"_links":{"self":[{"href":"https:\/\/awshussein.com\/tr\/wp-json\/wp\/v2\/pages\/5966","targetHints":{"allow":["GET"]}}],"collection":[{"href":"https:\/\/awshussein.com\/tr\/wp-json\/wp\/v2\/pages"}],"about":[{"href":"https:\/\/awshussein.com\/tr\/wp-json\/wp\/v2\/types\/page"}],"author":[{"embeddable":true,"href":"https:\/\/awshussein.com\/tr\/wp-json\/wp\/v2\/users\/3"}],"replies":[{"embeddable":true,"href":"https:\/\/awshussein.com\/tr\/wp-json\/wp\/v2\/comments?post=5966"}],"version-history":[{"count":0,"href":"https:\/\/awshussein.com\/tr\/wp-json\/wp\/v2\/pages\/5966\/revisions"}],"wp:attachment":[{"href":"https:\/\/awshussein.com\/tr\/wp-json\/wp\/v2\/media?parent=5966"}],"curies":[{"name":"wp","href":"https:\/\/api.w.org\/{rel}","templated":true}]}}