{"id":5969,"date":"2024-05-20T14:14:47","date_gmt":"2024-05-20T14:14:47","guid":{"rendered":"https:\/\/awshussein.com\/baski-fiyatlari\/"},"modified":"2025-01-04T10:54:51","modified_gmt":"2025-01-04T10:54:51","slug":"baski-fiyatlari","status":"publish","type":"page","link":"https:\/\/awshussein.com\/tr\/baski-fiyatlari\/","title":{"rendered":"Bask\u0131 Fiyatlar\u0131"},"content":{"rendered":"\t\t<div data-elementor-type=\"wp-page\" data-elementor-id=\"5969\" class=\"elementor elementor-5969\" data-elementor-post-type=\"page\">\n\t\t\t\t<div class=\"elementor-element elementor-element-2d1f5ef e-flex e-con-boxed e-con e-parent\" data-id=\"2d1f5ef\" data-element_type=\"container\" data-e-type=\"container\">\n\t\t\t\t\t<div class=\"e-con-inner\">\n\t\t\t\t<div class=\"elementor-element elementor-element-58c06cd elementor-widget elementor-widget-heading\" data-id=\"58c06cd\" data-element_type=\"widget\" data-e-type=\"widget\" data-widget_type=\"heading.default\">\n\t\t\t\t<div class=\"elementor-widget-container\">\n\t\t\t\t\t<h2 class=\"elementor-heading-title elementor-size-default\">Bask\u0131 Fiyatlar\u0131<\/h2>\t\t\t\t<\/div>\n\t\t\t\t<\/div>\n\t\t\t\t<div class=\"elementor-element elementor-element-50c745e elementor-widget elementor-widget-heading\" data-id=\"50c745e\" data-element_type=\"widget\" data-e-type=\"widget\" data-widget_type=\"heading.default\">\n\t\t\t\t<div class=\"elementor-widget-container\">\n\t\t\t\t\t<p class=\"elementor-heading-title elementor-size-default\">Son g\u00fcncelleme 04\/01\/2025<\/p>\t\t\t\t<\/div>\n\t\t\t\t<\/div>\n\t\t<div class=\"elementor-element elementor-element-7689ab7 e-flex e-con-boxed e-con e-child\" data-id=\"7689ab7\" data-element_type=\"container\" data-e-type=\"container\">\n\t\t\t\t\t<div class=\"e-con-inner\">\n\t\t\t\t<div class=\"elementor-element elementor-element-a73e263 elementor-widget__width-initial elementor-widget elementor-widget-shortcode\" data-id=\"a73e263\" data-element_type=\"widget\" data-e-type=\"widget\" data-widget_type=\"shortcode.default\">\n\t\t\t\t<div class=\"elementor-widget-container\">\n\t\t\t\t\t\t\t<div class=\"elementor-shortcode\">\n<table id=\"tablepress-prints-en\" class=\"tablepress tablepress-id-prints-en\">\n<thead>\n<tr class=\"row-1\">\n\t<th class=\"column-1\">Code<\/th><th class=\"column-2\">Type<\/th><th class=\"column-3\">Dimensions<\/th><th class=\"column-4\">Thickness<\/th><th class=\"column-5\">Specifications<\/th><th class=\"column-6\">Quantity<\/th><th class=\"column-7\">Price<\/th>\n<\/tr>\n<\/thead>\n<tbody class=\"row-striping row-hover\">\n<tr class=\"row-2\">\n\t<td class=\"column-1\">OCOK<\/td><td class=\"column-2\">Light card curved edges<\/td><td class=\"column-3\">82X52 mm<\/td><td class=\"column-4\">350 gm<\/td><td class=\"column-5\">Color printing - Cellophane Matt - UV Spot - Double-sided<\/td><td class=\"column-6\">1000<\/td><td class=\"column-7\">18$<\/td>\n<\/tr>\n<tr class=\"row-3\">\n\t<td class=\"column-1\">SCOK<\/td><td class=\"column-2\">light card special cut<\/td><td class=\"column-3\">82X52 mm<\/td><td class=\"column-4\">350 gm<\/td><td class=\"column-5\">Color printing - Cellophane Matt - UV Spot - Double-sided<\/td><td class=\"column-6\">1000<\/td><td class=\"column-7\">19$<\/td>\n<\/tr>\n<tr class=\"row-4\">\n\t<td class=\"column-1\">OSEK<\/td><td class=\"column-2\">card curved edges<\/td><td class=\"column-3\">82X52 mm<\/td><td class=\"column-4\">700 gm<\/td><td class=\"column-5\">Color printing - Cellophane Matt - UV Spot - Double-sided<\/td><td class=\"column-6\">1000<\/td><td class=\"column-7\">24$<\/td>\n<\/tr>\n<tr class=\"row-5\">\n\t<td class=\"column-1\">SSEK<\/td><td class=\"column-2\">card special cut<\/td><td class=\"column-3\">82X52 mm<\/td><td class=\"column-4\">700 gm<\/td><td class=\"column-5\">Color printing - Cellophane Matt - UV Spot - Double-sided<\/td><td class=\"column-6\">1000<\/td><td class=\"column-7\">25$<\/td>\n<\/tr>\n<tr class=\"row-6\">\n\t<td class=\"column-1\">SEK AYC<\/td><td class=\"column-2\">Golden cartoon card<\/td><td class=\"column-3\">82X52 mm<\/td><td class=\"column-4\">700 gm<\/td><td class=\"column-5\">Color printing - Cellophane Matt -  Gold thermal - UV Spot - Double-sided<\/td><td class=\"column-6\">1000<\/td><td class=\"column-7\">65$<\/td>\n<\/tr>\n<tr class=\"row-7\">\n\t<td class=\"column-1\">SEK GYC<\/td><td class=\"column-2\">Silver cartoon card<\/td><td class=\"column-3\">82X52 mm<\/td><td class=\"column-4\">700 gm<\/td><td class=\"column-5\">Color printing - Cellophane Matt -  Silver thermal - UV Spot - Double-sided<\/td><td class=\"column-6\">1000<\/td><td class=\"column-7\">65$<\/td>\n<\/tr>\n<tr class=\"row-8\">\n\t<td class=\"column-1\">SYH AYC<\/td><td class=\"column-2\">Gold plastic card<\/td><td class=\"column-3\">86X54 mm<\/td><td class=\"column-4\">500 mic<\/td><td class=\"column-5\">Black plastic - Thermal gold printing - Double-sided<\/td><td class=\"column-6\">500<\/td><td class=\"column-7\">72$<\/td>\n<\/tr>\n<tr class=\"row-9\">\n\t<td class=\"column-1\">SYH GYC<\/td><td class=\"column-2\">Silver plastic card<\/td><td class=\"column-3\">86X54 mm<\/td><td class=\"column-4\">500 mic<\/td><td class=\"column-5\">Black plastic - Thermal silver printing - Double-sided<\/td><td class=\"column-6\">500<\/td><td class=\"column-7\">72$<\/td>\n<\/tr>\n<tr class=\"row-10\">\n\t<td class=\"column-1\">SYH HLG AYS<\/td><td class=\"column-2\">Holicram gold plastic card<\/td><td class=\"column-3\">86X54 mm<\/td><td class=\"column-4\">500 mic<\/td><td class=\"column-5\">Black plastic - Thermal gold printing Holicram - Double-sided<\/td><td class=\"column-6\">500<\/td><td class=\"column-7\">72$<\/td>\n<\/tr>\n<tr class=\"row-11\">\n\t<td class=\"column-1\">SYH HLG CYS<\/td><td class=\"column-2\">Hologram silver plastic card<\/td><td class=\"column-3\">86X54 mm<\/td><td class=\"column-4\">500 mic<\/td><td class=\"column-5\">Black plastic - Thermal silver printing Holicram - Double-sided<\/td><td class=\"column-6\">500<\/td><td class=\"column-7\">72$<\/td>\n<\/tr>\n<tr class=\"row-12\">\n\t<td class=\"column-1\">SEFFAF<\/td><td class=\"column-2\">Transparent card<\/td><td class=\"column-3\">85X50 mm<\/td><td class=\"column-4\">500 mic<\/td><td class=\"column-5\">Transparent plastic + Color Printing + White Color - Spot UV - Single Side<\/td><td class=\"column-6\">500<\/td><td class=\"column-7\">48$<\/td>\n<\/tr>\n<tr class=\"row-13\">\n\t<td class=\"column-1\">SPK RAV<\/td><td class=\"column-2\">Gold Transparent card<\/td><td class=\"column-3\">85X50 mm<\/td><td class=\"column-4\">500 mic<\/td><td class=\"column-5\">Transparent plastic + Color Printing + White Color - Gold thermal  - Spot UV - Single Side<\/td><td class=\"column-6\">500<\/td><td class=\"column-7\">75$<\/td>\n<\/tr>\n<tr class=\"row-14\">\n\t<td class=\"column-1\">SPK RGV<\/td><td class=\"column-2\">Silver Transparent card<\/td><td class=\"column-3\">85X50 mm<\/td><td class=\"column-4\">500 mic<\/td><td class=\"column-5\">Transparent plastic + Color Printing + White Color - Silver thermal  - Spot UV - Single Side<\/td><td class=\"column-6\">500<\/td><td class=\"column-7\">75$<\/td>\n<\/tr>\n<tr class=\"row-15\">\n\t<td class=\"column-1\">MAG1<\/td><td class=\"column-2\">Magnet card<\/td><td class=\"column-3\">68X46 mm<\/td><td class=\"column-4\">500 mic<\/td><td class=\"column-5\">Black plastic + color printing + glossy cellophane - one side<\/td><td class=\"column-6\">1000<\/td><td class=\"column-7\">34$<\/td>\n<\/tr>\n<tr class=\"row-16\">\n\t<td class=\"column-1\">MAG2<\/td><td class=\"column-2\">Magnet card special cut<\/td><td class=\"column-3\">68X46 mm<\/td><td class=\"column-4\">500 mic<\/td><td class=\"column-5\">Black plastic + color printing + glossy cellophane - one side<\/td><td class=\"column-6\">1000<\/td><td class=\"column-7\">36$<\/td>\n<\/tr>\n<tr class=\"row-17\">\n\t<td class=\"column-1\">PD<\/td><td class=\"column-2\">Folder with pocket<\/td><td class=\"column-3\">31X22.5 cm<\/td><td class=\"column-4\">350 gm<\/td><td class=\"column-5\">Color printing + glossy cellophane on the outside only<\/td><td class=\"column-6\">1000<\/td><td class=\"column-7\">235$<\/td>\n<\/tr>\n<tr class=\"row-18\">\n\t<td class=\"column-1\">MND<\/td><td class=\"column-2\">Folder with pocket<\/td><td class=\"column-3\">31X22.5 cm<\/td><td class=\"column-4\">350 gm<\/td><td class=\"column-5\">Color printing + glossy cellophane on the outside + single color printing on the inside<\/td><td class=\"column-6\">1000<\/td><td class=\"column-7\">245$<\/td>\n<\/tr>\n<tr class=\"row-19\">\n\t<td class=\"column-1\">KLD<\/td><td class=\"column-2\">Folder with pocket<\/td><td class=\"column-3\">31X22.5 cm<\/td><td class=\"column-4\">350 gm<\/td><td class=\"column-5\">Color printing + matte cellophane + UV stain on the outside only<\/td><td class=\"column-6\">1000<\/td><td class=\"column-7\">270$<\/td>\n<\/tr>\n<tr class=\"row-20\">\n\t<td class=\"column-1\">CYML4D<\/td><td class=\"column-2\">Folder with pocket<\/td><td class=\"column-3\">31X22.5 cm<\/td><td class=\"column-4\">400 gm<\/td><td class=\"column-5\">Color printing + double-sided matte cellophane + UV stain on the outside only<\/td><td class=\"column-6\">1000<\/td><td class=\"column-7\">400$<\/td>\n<\/tr>\n<tr class=\"row-21\">\n\t<td class=\"column-1\">ANT4<\/td><td class=\"column-2\">Correspondence paper<\/td><td class=\"column-3\">30X21 cm<\/td><td class=\"column-4\">80 gm<\/td><td class=\"column-5\">Color printing - single sided<\/td><td class=\"column-6\">2000<\/td><td class=\"column-7\">60$<\/td>\n<\/tr>\n<tr class=\"row-22\">\n\t<td class=\"column-1\">ANT1<\/td><td class=\"column-2\">Correspondence paper<\/td><td class=\"column-3\">15X21 cm<\/td><td class=\"column-4\">80 gm<\/td><td class=\"column-5\">Color printing - single sided<\/td><td class=\"column-6\">4000<\/td><td class=\"column-7\">65$<\/td>\n<\/tr>\n<tr class=\"row-23\">\n\t<td class=\"column-1\">Z1<\/td><td class=\"column-2\">Correspondence envelope<\/td><td class=\"column-3\">24X10.5 cm<\/td><td class=\"column-4\">110 gm<\/td><td class=\"column-5\">One color printing - one side<\/td><td class=\"column-6\">1000<\/td><td class=\"column-7\">80$<\/td>\n<\/tr>\n<tr class=\"row-24\">\n\t<td class=\"column-1\">Z2<\/td><td class=\"column-2\">Correspondence envelope<\/td><td class=\"column-3\">24X10.5 cm<\/td><td class=\"column-4\">110 gm<\/td><td class=\"column-5\">Color printing - single sided<\/td><td class=\"column-6\">1000<\/td><td class=\"column-7\">105$<\/td>\n<\/tr>\n<tr class=\"row-25\">\n\t<td class=\"column-1\">OK1<\/td><td class=\"column-2\">Car freshener<\/td><td class=\"column-3\">7X7 cm<\/td><td class=\"column-4\">700 gm<\/td><td class=\"column-5\">Color printing + transparent packaging bag + hanging string + 6 different fragrances - double sided<\/td><td class=\"column-6\">1000<\/td><td class=\"column-7\">100$<\/td>\n<\/tr>\n<tr class=\"row-26\">\n\t<td class=\"column-1\">OK2<\/td><td class=\"column-2\">Car freshener<\/td><td class=\"column-3\">8X6 cm<\/td><td class=\"column-4\">700 gm<\/td><td class=\"column-5\">Color printing + transparent packaging bag + hanging string + 6 different fragrances - double sided<\/td><td class=\"column-6\">1000<\/td><td class=\"column-7\">100$<\/td>\n<\/tr>\n<tr class=\"row-27\">\n\t<td class=\"column-1\">5CA4<\/td><td class=\"column-2\">A4 brochure<\/td><td class=\"column-3\">28X20 cm<\/td><td class=\"column-4\">115 gm<\/td><td class=\"column-5\">Color printing - double sided<\/td><td class=\"column-6\">5000<\/td><td class=\"column-7\">115$<\/td>\n<\/tr>\n<tr class=\"row-28\">\n\t<td class=\"column-1\">5CA3<\/td><td class=\"column-2\">A3 brochure<\/td><td class=\"column-3\">28X40 cm<\/td><td class=\"column-4\">115 gm<\/td><td class=\"column-5\">Color printing - double sided<\/td><td class=\"column-6\">5000<\/td><td class=\"column-7\">205$<\/td>\n<\/tr>\n<tr class=\"row-29\">\n\t<td class=\"column-1\">PRO2A4<\/td><td class=\"column-2\">A4 brochure<\/td><td class=\"column-3\">21X30 cm<\/td><td class=\"column-4\">128 gm<\/td><td class=\"column-5\">Color printing - double sided<\/td><td class=\"column-6\">2000<\/td><td class=\"column-7\">90$<\/td>\n<\/tr>\n<tr class=\"row-30\">\n\t<td class=\"column-1\">PRO2A3<\/td><td class=\"column-2\">A3 brochure<\/td><td class=\"column-3\">30X40 cm<\/td><td class=\"column-4\">128 gm<\/td><td class=\"column-5\">Color printing - double sided<\/td><td class=\"column-6\">2000<\/td><td class=\"column-7\">150$<\/td>\n<\/tr>\n<tr class=\"row-31\">\n\t<td class=\"column-1\">CBS7<\/td><td class=\"column-2\">A4 brochure<\/td><td class=\"column-3\">21X30 cm<\/td><td class=\"column-4\">200 gm<\/td><td class=\"column-5\">Color printing + glossy cellophane - double sided<\/td><td class=\"column-6\">1000<\/td><td class=\"column-7\">100$<\/td>\n<\/tr>\n<tr class=\"row-32\">\n\t<td class=\"column-1\">CBS10<\/td><td class=\"column-2\">A3 brochure<\/td><td class=\"column-3\">30X40 cm<\/td><td class=\"column-4\">200 gm<\/td><td class=\"column-5\">Color printing + glossy cellophane - double sided<\/td><td class=\"column-6\">1000<\/td><td class=\"column-7\">170$<\/td>\n<\/tr>\n<tr class=\"row-33\">\n\t<td class=\"column-1\">KK1<\/td><td class=\"column-2\">Carton bag<\/td><td class=\"column-3\">11.5X17.5X5 cm<\/td><td class=\"column-4\">230 gm<\/td><td class=\"column-5\">Color printing + glossy cellophane + hanging rope - single sided<\/td><td class=\"column-6\">1000<\/td><td class=\"column-7\">360$<\/td>\n<\/tr>\n<tr class=\"row-34\">\n\t<td class=\"column-1\">KK2<\/td><td class=\"column-2\">Carton bag<\/td><td class=\"column-3\">24X36X10 cm<\/td><td class=\"column-4\">230 gm<\/td><td class=\"column-5\">Color printing + glossy cellophane + hanging rope - single sided<\/td><td class=\"column-6\">1000<\/td><td class=\"column-7\">420$<\/td>\n<\/tr>\n<tr class=\"row-35\">\n\t<td class=\"column-1\">KK3<\/td><td class=\"column-2\">Carton bag<\/td><td class=\"column-3\">35X24X8 cm<\/td><td class=\"column-4\">250 gm<\/td><td class=\"column-5\">Color printing + glossy cellophane + hanging rope - single sided<\/td><td class=\"column-6\">1000<\/td><td class=\"column-7\">490$<\/td>\n<\/tr>\n<tr class=\"row-36\">\n\t<td class=\"column-1\">KK4<\/td><td class=\"column-2\">Carton bag<\/td><td class=\"column-3\">50X37X12 cm<\/td><td class=\"column-4\">250 gm<\/td><td class=\"column-5\">Color printing + glossy cellophane + hanging rope - single sided<\/td><td class=\"column-6\">1000<\/td><td class=\"column-7\">690$<\/td>\n<\/tr>\n<tr class=\"row-37\">\n\t<td class=\"column-1\">CK1<\/td><td class=\"column-2\">Coffee Bag 50 gm<\/td><td class=\"column-3\">8.5X14 cm<\/td><td class=\"column-4\">110 gm<\/td><td class=\"column-5\">Window + Single Color Printing - Single Side<\/td><td class=\"column-6\">1000<\/td><td class=\"column-7\">160$<\/td>\n<\/tr>\n<tr class=\"row-38\">\n\t<td class=\"column-1\">CK2<\/td><td class=\"column-2\">Coffee Bag 100 gm<\/td><td class=\"column-3\">11X18 cm<\/td><td class=\"column-4\">110 gm<\/td><td class=\"column-5\">Window + Single Color Printing - Single Side<\/td><td class=\"column-6\">1000<\/td><td class=\"column-7\">190$<\/td>\n<\/tr>\n<tr class=\"row-39\">\n\t<td class=\"column-1\">CK3<\/td><td class=\"column-2\">Coffee Bag 250 gm<\/td><td class=\"column-3\">13X22 cm<\/td><td class=\"column-4\">110 gm<\/td><td class=\"column-5\">Window + Single Color Printing - Single Side<\/td><td class=\"column-6\">1000<\/td><td class=\"column-7\">205$<\/td>\n<\/tr>\n<tr class=\"row-40\">\n\t<td class=\"column-1\">CK4<\/td><td class=\"column-2\">Coffee Bag 500 gm<\/td><td class=\"column-3\">16X27 cm<\/td><td class=\"column-4\">110 gm<\/td><td class=\"column-5\">Window + Single Color Printing - Single Side<\/td><td class=\"column-6\">1000<\/td><td class=\"column-7\">215$<\/td>\n<\/tr>\n<tr class=\"row-41\">\n\t<td class=\"column-1\">CK5<\/td><td class=\"column-2\">Coffee Bag 1000 gm<\/td><td class=\"column-3\">20X30 cm<\/td><td class=\"column-4\">110 gm<\/td><td class=\"column-5\">Window + Single Color Printing - Single Side<\/td><td class=\"column-6\">1000<\/td><td class=\"column-7\">310$<\/td>\n<\/tr>\n<tr class=\"row-42\">\n\t<td class=\"column-1\">E<\/td><td class=\"column-2\">Sticker<\/td><td class=\"column-3\">53X83 mm<\/td><td class=\"column-4\">90 gm<\/td><td class=\"column-5\">Paper sticker + color printing + glossy cellophane - one side<\/td><td class=\"column-6\">1000<\/td><td class=\"column-7\">17$<\/td>\n<\/tr>\n<tr class=\"row-43\">\n\t<td class=\"column-1\">EO<\/td><td class=\"column-2\">Sticker Special Cut<\/td><td class=\"column-3\">53X83 mm<\/td><td class=\"column-4\">90 gm<\/td><td class=\"column-5\">Paper sticker + color printing + glossy cellophane - one side<\/td><td class=\"column-6\">1000<\/td><td class=\"column-7\">21$<\/td>\n<\/tr>\n<tr class=\"row-44\">\n\t<td class=\"column-1\">EOY<\/td><td class=\"column-2\">Sticker Special Cut<\/td><td class=\"column-3\">53X83 mm<\/td><td class=\"column-4\">90 gm<\/td><td class=\"column-5\">Paper sticker + color printing + gold thermal + glossy cellophane - one side<\/td><td class=\"column-6\">1000<\/td><td class=\"column-7\">28$<\/td>\n<\/tr>\n<\/tbody>\n<\/table>\n<!-- #tablepress-prints-en from cache --><\/div>\n\t\t\t\t\t\t<\/div>\n\t\t\t\t<\/div>\n\t\t\t\t\t<\/div>\n\t\t\t\t<\/div>\n\t\t\t\t<div class=\"elementor-element elementor-element-1595804 elementor-widget elementor-widget-heading\" data-id=\"1595804\" data-element_type=\"widget\" data-e-type=\"widget\" data-widget_type=\"heading.default\">\n\t\t\t\t<div class=\"elementor-widget-container\">\n\t\t\t\t\t<h2 class=\"elementor-heading-title elementor-size-default\">Notlar:<\/h2>\t\t\t\t<\/div>\n\t\t\t\t<\/div>\n\t\t\t\t<div class=\"elementor-element elementor-element-68d1873 elementor-widget elementor-widget-text-editor\" data-id=\"68d1873\" data-element_type=\"widget\" data-e-type=\"widget\" data-widget_type=\"text-editor.default\">\n\t\t\t\t<div class=\"elementor-widget-container\">\n\t\t\t\t\t\t\t\t\t<ul>\n<li>Fiyatlara tasar\u0131m veya nakliye masraflar\u0131 dahil de\u011fildir.<\/li>\n<li>Tasar\u0131mlar sizin taraf\u0131n\u0131zdan PSD veya PDF format\u0131nda g\u00f6nderilmelidir.<\/li>\n<li>Bask\u0131 yap\u0131l\u0131rken %3-6 aras\u0131nda bir renk fark\u0131 olabilir.<\/li>\n<li>Bask\u0131 s\u00fcresi \u00fcr\u00fcne g\u00f6re de\u011fi\u015fmekle birlikte genellikle en fazla 7 ila 10 g\u00fcnd\u00fcr.<\/li>\n<li>Sipari\u015fleri nakliye \u015firketlerinize teslim edece\u011fiz.<\/li>\n<li>B\u00fcy\u00fck sipari\u015fler i\u00e7in 30 ABD dolar\u0131 kurye \u00fccreti eklenir.<\/li>\n<li>Daha b\u00fcy\u00fck miktarlar i\u00e7in m\u00fc\u015fteriler \u00f6zel fiyatlar hakk\u0131nda bilgi almal\u0131d\u0131r.<\/li>\n<li>\u00d6zel bir fiyat teklifi istemek i\u00e7in l\u00fctfen bizimle ileti\u015fime ge\u00e7in: <a href=\"https:\/\/wa.me\/message\/5EYAGXUWBOALI1\" rel=\"nofollow noopener\" target=\"_blank\">+905396794872<\/a> veya info@awshussein.com<\/li>\n<\/ul>\n\t\t\t\t\t\t\t\t<\/div>\n\t\t\t\t<\/div>\n\t\t\t\t\t<\/div>\n\t\t\t\t<\/div>\n\t\t\t\t<\/div>\n\t\t","protected":false},"excerpt":{"rendered":"<p>Bask\u0131 Fiyatlar\u0131 Son g\u00fcncelleme 04\/01\/2025 Notlar: Fiyatlara tasar\u0131m veya nakliye masraflar\u0131 &#8230; <\/p>\n","protected":false},"author":3,"featured_media":5964,"parent":0,"menu_order":0,"comment_status":"closed","ping_status":"closed","template":"","meta":{"footnotes":""},"class_list":["post-5969","page","type-page","status-publish","has-post-thumbnail","hentry"],"_links":{"self":[{"href":"https:\/\/awshussein.com\/tr\/wp-json\/wp\/v2\/pages\/5969","targetHints":{"allow":["GET"]}}],"collection":[{"href":"https:\/\/awshussein.com\/tr\/wp-json\/wp\/v2\/pages"}],"about":[{"href":"https:\/\/awshussein.com\/tr\/wp-json\/wp\/v2\/types\/page"}],"author":[{"embeddable":true,"href":"https:\/\/awshussein.com\/tr\/wp-json\/wp\/v2\/users\/3"}],"replies":[{"embeddable":true,"href":"https:\/\/awshussein.com\/tr\/wp-json\/wp\/v2\/comments?post=5969"}],"version-history":[{"count":0,"href":"https:\/\/awshussein.com\/tr\/wp-json\/wp\/v2\/pages\/5969\/revisions"}],"wp:featuredmedia":[{"embeddable":true,"href":"https:\/\/awshussein.com\/tr\/wp-json\/wp\/v2\/media\/5964"}],"wp:attachment":[{"href":"https:\/\/awshussein.com\/tr\/wp-json\/wp\/v2\/media?parent=5969"}],"curies":[{"name":"wp","href":"https:\/\/api.w.org\/{rel}","templated":true}]}}