{"id":5980,"date":"2017-06-10T08:25:36","date_gmt":"2017-06-10T08:25:36","guid":{"rendered":"https:\/\/awshussein.com\/hizmetleri\/"},"modified":"2024-11-02T20:40:40","modified_gmt":"2024-11-02T20:40:40","slug":"hizmetleri","status":"publish","type":"page","link":"https:\/\/awshussein.com\/tr\/hizmetleri\/","title":{"rendered":"Hizmetleri"},"content":{"rendered":"\t\t<div data-elementor-type=\"wp-page\" data-elementor-id=\"5980\" class=\"elementor elementor-5980\" data-elementor-post-type=\"page\">\n\t\t\t\t<div class=\"elementor-element elementor-element-0c34444 e-flex e-con-boxed e-con e-parent\" data-id=\"0c34444\" data-element_type=\"container\" data-e-type=\"container\" data-settings=\"{&quot;background_background&quot;:&quot;classic&quot;}\">\n\t\t\t\t\t<div class=\"e-con-inner\">\n\t\t\t\t<div class=\"elementor-element elementor-element-80c92ea elementor-widget__width-inherit elementor-widget elementor-widget-heading\" data-id=\"80c92ea\" data-element_type=\"widget\" data-e-type=\"widget\" data-settings=\"{&quot;_animation&quot;:&quot;none&quot;}\" data-widget_type=\"heading.default\">\n\t\t\t\t<div class=\"elementor-widget-container\">\n\t\t\t\t\t<h3 class=\"elementor-heading-title elementor-size-default\">Ne Yapar\u0131m<\/h3>\t\t\t\t<\/div>\n\t\t\t\t<\/div>\n\t\t\t\t<div class=\"elementor-element elementor-element-eacd18c elementor-widget elementor-widget-text-editor\" data-id=\"eacd18c\" data-element_type=\"widget\" data-e-type=\"widget\" data-settings=\"{&quot;_animation&quot;:&quot;none&quot;}\" data-widget_type=\"text-editor.default\">\n\t\t\t\t<div class=\"elementor-widget-container\">\n\t\t\t\t\t\t\t\t\t<p>Projenizin geli\u015ftirilmesinde ve ba\u015far\u0131s\u0131nda sizi desteklemeyi ama\u00e7layan \u00e7e\u015fitli yarat\u0131c\u0131 hizmetler sunmak i\u00e7in buraday\u0131m.<\/p>\n\t\t\t\t\t\t\t\t<\/div>\n\t\t\t\t<\/div>\n\t\t<div class=\"elementor-element elementor-element-2099ca9 e-grid e-con-boxed e-con e-child\" data-id=\"2099ca9\" data-element_type=\"container\" data-e-type=\"container\">\n\t\t\t\t\t<div class=\"e-con-inner\">\n\t\t<div class=\"elementor-element elementor-element-60dd6d5 e-flex e-con-boxed e-con e-child\" data-id=\"60dd6d5\" data-element_type=\"container\" data-e-type=\"container\">\n\t\t\t\t\t<div class=\"e-con-inner\">\n\t\t\t\t<div class=\"elementor-element elementor-element-d0acc72 elementor-widget elementor-widget-image\" data-id=\"d0acc72\" data-element_type=\"widget\" data-e-type=\"widget\" data-settings=\"{&quot;_animation&quot;:&quot;none&quot;}\" data-widget_type=\"image.default\">\n\t\t\t\t<div class=\"elementor-widget-container\">\n\t\t\t\t\t\t\t\t\t\t\t\t\t\t\t<img loading=\"lazy\" decoding=\"async\" width=\"1000\" height=\"667\" src=\"https:\/\/awshussein.com\/wp-content\/uploads\/2024\/05\/aws-services-1.webp\" class=\"elementor-animation-hang attachment-full size-full wp-image-3671\" alt=\"Develop unique logos that distinguish your brand and enhance your presence in the market \" srcset=\"\/\/awshussein.com\/wp-content\/uploads\/2024\/05\/aws-services-1.webp 1000w, \/\/awshussein.com\/wp-content\/uploads\/2024\/05\/aws-services-1-300x200.webp 300w, \/\/awshussein.com\/wp-content\/uploads\/2024\/05\/aws-services-1-768x512.webp 768w, \/\/awshussein.com\/wp-content\/uploads\/2024\/05\/aws-services-1-600x400.webp 600w\" sizes=\"auto, (max-width: 1000px) 100vw, 1000px\" loading=\"lazy\" title=\"\">\t\t\t\t\t\t\t\t\t\t\t\t\t\t\t<\/div>\n\t\t\t\t<\/div>\n\t\t\t\t<div class=\"elementor-element elementor-element-869fae6 elementor-widget elementor-widget-heading\" data-id=\"869fae6\" data-element_type=\"widget\" data-e-type=\"widget\" data-widget_type=\"heading.default\">\n\t\t\t\t<div class=\"elementor-widget-container\">\n\t\t\t\t\t<p class=\"elementor-heading-title elementor-size-default\">Logo Tasar\u0131m\u0131<\/p>\t\t\t\t<\/div>\n\t\t\t\t<\/div>\n\t\t\t\t<div class=\"elementor-element elementor-element-6c96367 elementor-widget elementor-widget-heading\" data-id=\"6c96367\" data-element_type=\"widget\" data-e-type=\"widget\" data-widget_type=\"heading.default\">\n\t\t\t\t<div class=\"elementor-widget-container\">\n\t\t\t\t\t<p class=\"elementor-heading-title elementor-size-default\">\u0130\u015fletmenizin kimli\u011fini ve vizyonunu yans\u0131tan profesyonel ve yarat\u0131c\u0131 logo tasar\u0131m hizmeti. Markan\u0131z\u0131 ay\u0131rt eden ve pazardaki varl\u0131\u011f\u0131n\u0131z\u0131 g\u00fc\u00e7lendiren benzersiz logolar geli\u015ftirmek i\u00e7in \u00e7al\u0131\u015f\u0131yorum, logonun tan\u0131nmas\u0131n\u0131 ve hat\u0131rlanmas\u0131n\u0131 kolayla\u015ft\u0131ran g\u00f6rsel \u00e7ekicilik ve sadelik aras\u0131ndaki m\u00fckemmel dengeyi sa\u011flamaya odaklan\u0131yorum.<\/p>\t\t\t\t<\/div>\n\t\t\t\t<\/div>\n\t\t\t\t\t<\/div>\n\t\t\t\t<\/div>\n\t\t<div class=\"elementor-element elementor-element-eb91cb1 e-flex e-con-boxed e-con e-child\" data-id=\"eb91cb1\" data-element_type=\"container\" data-e-type=\"container\">\n\t\t\t\t\t<div class=\"e-con-inner\">\n\t\t\t\t<div class=\"elementor-element elementor-element-fa3f303 elementor-widget elementor-widget-image\" data-id=\"fa3f303\" data-element_type=\"widget\" data-e-type=\"widget\" data-settings=\"{&quot;_animation&quot;:&quot;none&quot;}\" data-widget_type=\"image.default\">\n\t\t\t\t<div class=\"elementor-widget-container\">\n\t\t\t\t\t\t\t\t\t\t\t\t\t\t\t<img loading=\"lazy\" decoding=\"async\" width=\"1000\" height=\"667\" src=\"https:\/\/awshussein.com\/wp-content\/uploads\/2024\/05\/aws-services-3.webp\" class=\"elementor-animation-hang attachment-full size-full wp-image-3693\" alt=\"Aws services 3\" srcset=\"\/\/awshussein.com\/wp-content\/uploads\/2024\/05\/aws-services-3.webp 1000w, \/\/awshussein.com\/wp-content\/uploads\/2024\/05\/aws-services-3-300x200.webp 300w, \/\/awshussein.com\/wp-content\/uploads\/2024\/05\/aws-services-3-768x512.webp 768w, \/\/awshussein.com\/wp-content\/uploads\/2024\/05\/aws-services-3-600x400.webp 600w\" sizes=\"auto, (max-width: 1000px) 100vw, 1000px\" loading=\"lazy\" title=\"\">\t\t\t\t\t\t\t\t\t\t\t\t\t\t\t<\/div>\n\t\t\t\t<\/div>\n\t\t\t\t<div class=\"elementor-element elementor-element-3b31a45 elementor-widget elementor-widget-heading\" data-id=\"3b31a45\" data-element_type=\"widget\" data-e-type=\"widget\" data-widget_type=\"heading.default\">\n\t\t\t\t<div class=\"elementor-widget-container\">\n\t\t\t\t\t<p class=\"elementor-heading-title elementor-size-default\">G\u00f6rsel kimlik<\/p>\t\t\t\t<\/div>\n\t\t\t\t<\/div>\n\t\t\t\t<div class=\"elementor-element elementor-element-08439f9 elementor-widget elementor-widget-heading\" data-id=\"08439f9\" data-element_type=\"widget\" data-e-type=\"widget\" data-widget_type=\"heading.default\">\n\t\t\t\t<div class=\"elementor-widget-container\">\n\t\t\t\t\t<p class=\"elementor-heading-title elementor-size-default\">Markan\u0131z\u0131n \u00f6z\u00fcn\u00fc yans\u0131tan ve pazardaki benzersizli\u011fini \u00f6ne \u00e7\u0131karan kapsaml\u0131 bir g\u00f6rsel kimlik tasar\u0131m\u0131 hizmeti. Bu hizmet, markan\u0131z\u0131 ay\u0131rt eden ve hedef kitleniz \u00fczerinde g\u00fc\u00e7l\u00fc ve kal\u0131c\u0131 bir izlenim b\u0131rakan logolar, renkler, yaz\u0131 tipleri ve stiller gibi tutarl\u0131 g\u00f6rsel \u00f6\u011feler geli\u015ftirmeyi i\u00e7erir.<\/p>\t\t\t\t<\/div>\n\t\t\t\t<\/div>\n\t\t\t\t\t<\/div>\n\t\t\t\t<\/div>\n\t\t<div class=\"elementor-element elementor-element-ec12c20 e-flex e-con-boxed e-con e-child\" data-id=\"ec12c20\" data-element_type=\"container\" data-e-type=\"container\">\n\t\t\t\t\t<div class=\"e-con-inner\">\n\t\t\t\t<div class=\"elementor-element elementor-element-210fb74 elementor-widget elementor-widget-image\" data-id=\"210fb74\" data-element_type=\"widget\" data-e-type=\"widget\" data-settings=\"{&quot;_animation&quot;:&quot;none&quot;}\" data-widget_type=\"image.default\">\n\t\t\t\t<div class=\"elementor-widget-container\">\n\t\t\t\t\t\t\t\t\t\t\t\t\t\t\t<img loading=\"lazy\" decoding=\"async\" width=\"1000\" height=\"667\" src=\"https:\/\/awshussein.com\/wp-content\/uploads\/2024\/05\/aws-services-5-1.webp\" class=\"elementor-animation-hang attachment-full size-full wp-image-3722\" alt=\"I design images that highlight your services, offers, and products in an attractive and effective way \" srcset=\"\/\/awshussein.com\/wp-content\/uploads\/2024\/05\/aws-services-5-1.webp 1000w, \/\/awshussein.com\/wp-content\/uploads\/2024\/05\/aws-services-5-1-300x200.webp 300w, \/\/awshussein.com\/wp-content\/uploads\/2024\/05\/aws-services-5-1-768x512.webp 768w, \/\/awshussein.com\/wp-content\/uploads\/2024\/05\/aws-services-5-1-600x400.webp 600w\" sizes=\"auto, (max-width: 1000px) 100vw, 1000px\" loading=\"lazy\" title=\"\">\t\t\t\t\t\t\t\t\t\t\t\t\t\t\t<\/div>\n\t\t\t\t<\/div>\n\t\t\t\t<div class=\"elementor-element elementor-element-44b0fb1 elementor-widget elementor-widget-heading\" data-id=\"44b0fb1\" data-element_type=\"widget\" data-e-type=\"widget\" data-widget_type=\"heading.default\">\n\t\t\t\t<div class=\"elementor-widget-container\">\n\t\t\t\t\t<p class=\"elementor-heading-title elementor-size-default\">Sosyal Medya<\/p>\t\t\t\t<\/div>\n\t\t\t\t<\/div>\n\t\t\t\t<div class=\"elementor-element elementor-element-8cf3add elementor-widget elementor-widget-heading\" data-id=\"8cf3add\" data-element_type=\"widget\" data-e-type=\"widget\" data-widget_type=\"heading.default\">\n\t\t\t\t<div class=\"elementor-widget-container\">\n\t\t\t\t\t<p class=\"elementor-heading-title elementor-size-default\">Hizmetlerinizi, tekliflerinizi ve \u00fcr\u00fcnlerinizi \u00e7ekici ve etkili bir \u015fekilde \u00f6ne \u00e7\u0131karan sosyal medya g\u00f6rsel tasar\u0131m hizmeti. Marka kimli\u011finizle uyumlu ve pazarlama mesaj\u0131n\u0131z\u0131 geli\u015ftiren yenilik\u00e7i, \u00f6zel tasar\u0131mlar olu\u015fturmak i\u00e7in \u00e7al\u0131\u015f\u0131yorum. \u0130ster yeni bir \u00fcr\u00fcn\u00fc tan\u0131tmak, ister \u00f6zel teklifleri duyurmak veya hizmetlerinizi benzersiz bir \u015fekilde sergilemek isteyin.<\/p>\t\t\t\t<\/div>\n\t\t\t\t<\/div>\n\t\t\t\t\t<\/div>\n\t\t\t\t<\/div>\n\t\t<div class=\"elementor-element elementor-element-d35d8c3 e-flex e-con-boxed e-con e-child\" data-id=\"d35d8c3\" data-element_type=\"container\" data-e-type=\"container\">\n\t\t\t\t\t<div class=\"e-con-inner\">\n\t\t\t\t<div class=\"elementor-element elementor-element-ad6e13e elementor-widget elementor-widget-image\" data-id=\"ad6e13e\" data-element_type=\"widget\" data-e-type=\"widget\" data-settings=\"{&quot;_animation&quot;:&quot;none&quot;}\" data-widget_type=\"image.default\">\n\t\t\t\t<div class=\"elementor-widget-container\">\n\t\t\t\t\t\t\t\t\t\t\t\t\t\t\t<img loading=\"lazy\" decoding=\"async\" width=\"1000\" height=\"667\" src=\"https:\/\/awshussein.com\/wp-content\/uploads\/2024\/05\/aws-services-8.webp\" class=\"elementor-animation-hang attachment-full size-full wp-image-3825\" alt=\"Printing Designs, Brochures, flyers, posters, business cards and other printed materials you need to market your products and services \" srcset=\"\/\/awshussein.com\/wp-content\/uploads\/2024\/05\/aws-services-8.webp 1000w, \/\/awshussein.com\/wp-content\/uploads\/2024\/05\/aws-services-8-300x200.webp 300w, \/\/awshussein.com\/wp-content\/uploads\/2024\/05\/aws-services-8-768x512.webp 768w, \/\/awshussein.com\/wp-content\/uploads\/2024\/05\/aws-services-8-600x400.webp 600w\" sizes=\"auto, (max-width: 1000px) 100vw, 1000px\" loading=\"lazy\" title=\"\">\t\t\t\t\t\t\t\t\t\t\t\t\t\t\t<\/div>\n\t\t\t\t<\/div>\n\t\t\t\t<div class=\"elementor-element elementor-element-9df1b9c elementor-widget elementor-widget-heading\" data-id=\"9df1b9c\" data-element_type=\"widget\" data-e-type=\"widget\" data-widget_type=\"heading.default\">\n\t\t\t\t<div class=\"elementor-widget-container\">\n\t\t\t\t\t<p class=\"elementor-heading-title elementor-size-default\">Bask\u0131 Tasar\u0131mlar\u0131<\/p>\t\t\t\t<\/div>\n\t\t\t\t<\/div>\n\t\t\t\t<div class=\"elementor-element elementor-element-bfbc131 elementor-widget elementor-widget-heading\" data-id=\"bfbc131\" data-element_type=\"widget\" data-e-type=\"widget\" data-widget_type=\"heading.default\">\n\t\t\t\t<div class=\"elementor-widget-container\">\n\t\t\t\t\t<p class=\"elementor-heading-title elementor-size-default\">Marka kimli\u011finizi geli\u015ftirmenize ve mesaj\u0131n\u0131z\u0131 profesyonel ve zarif bir \u015fekilde iletmenize katk\u0131da bulunan bask\u0131 tasar\u0131m hizmeti. Hizmet, \u00fcr\u00fcn ve hizmetlerinizi pazarlamak i\u00e7in ihtiya\u00e7 duydu\u011funuz bro\u015f\u00fcrleri, el ilanlar\u0131n\u0131, posterleri, kartvizitleri ve di\u011fer bas\u0131l\u0131 materyalleri tasarlamay\u0131 i\u00e7erir.<\/p>\t\t\t\t<\/div>\n\t\t\t\t<\/div>\n\t\t\t\t\t<\/div>\n\t\t\t\t<\/div>\n\t\t<div class=\"elementor-element elementor-element-dcc8f5f e-flex e-con-boxed e-con e-child\" data-id=\"dcc8f5f\" data-element_type=\"container\" data-e-type=\"container\">\n\t\t\t\t\t<div class=\"e-con-inner\">\n\t\t\t\t<div class=\"elementor-element elementor-element-f5aa7d2 elementor-widget elementor-widget-image\" data-id=\"f5aa7d2\" data-element_type=\"widget\" data-e-type=\"widget\" data-settings=\"{&quot;_animation&quot;:&quot;none&quot;}\" data-widget_type=\"image.default\">\n\t\t\t\t<div class=\"elementor-widget-container\">\n\t\t\t\t\t\t\t\t\t\t\t\t\t\t\t<img loading=\"lazy\" decoding=\"async\" width=\"1000\" height=\"667\" src=\"https:\/\/awshussein.com\/wp-content\/uploads\/2024\/05\/aws-services-6.webp\" class=\"elementor-animation-hang attachment-full size-full wp-image-3734\" alt=\"UI Design, Providing a smooth and attractive user experience with innovative designs that meet the needs of users for your website \" srcset=\"\/\/awshussein.com\/wp-content\/uploads\/2024\/05\/aws-services-6.webp 1000w, \/\/awshussein.com\/wp-content\/uploads\/2024\/05\/aws-services-6-300x200.webp 300w, \/\/awshussein.com\/wp-content\/uploads\/2024\/05\/aws-services-6-768x512.webp 768w, \/\/awshussein.com\/wp-content\/uploads\/2024\/05\/aws-services-6-600x400.webp 600w\" sizes=\"auto, (max-width: 1000px) 100vw, 1000px\" loading=\"lazy\" title=\"\">\t\t\t\t\t\t\t\t\t\t\t\t\t\t\t<\/div>\n\t\t\t\t<\/div>\n\t\t\t\t<div class=\"elementor-element elementor-element-70b6e0b elementor-widget elementor-widget-heading\" data-id=\"70b6e0b\" data-element_type=\"widget\" data-e-type=\"widget\" data-widget_type=\"heading.default\">\n\t\t\t\t<div class=\"elementor-widget-container\">\n\t\t\t\t\t<p class=\"elementor-heading-title elementor-size-default\">UI Tasar\u0131m\u0131<\/p>\t\t\t\t<\/div>\n\t\t\t\t<\/div>\n\t\t\t\t<div class=\"elementor-element elementor-element-d4b696a elementor-widget elementor-widget-heading\" data-id=\"d4b696a\" data-element_type=\"widget\" data-e-type=\"widget\" data-widget_type=\"heading.default\">\n\t\t\t\t<div class=\"elementor-widget-container\">\n\t\t\t\t\t<p class=\"elementor-heading-title elementor-size-default\">Sorunsuz ve ilgi \u00e7ekici bir kullan\u0131c\u0131 deneyimi sa\u011flamaya odaklan\u0131n. Kullan\u0131c\u0131lar\u0131n ihtiya\u00e7lar\u0131n\u0131 kar\u015f\u0131layan ve platformunuzla etkile\u015fimlerini geli\u015ftiren yenilik\u00e7i ve rahat tasar\u0131mlar olu\u015fturmak i\u00e7in kullan\u0131c\u0131 aray\u00fcz\u00fc tasar\u0131m\u0131ndaki en son trendlere g\u00fcveniyoruz. \u0130ster yeni bir web sitesi ister \u00f6zel bir uygulama geli\u015ftiriyor olun.<\/p>\t\t\t\t<\/div>\n\t\t\t\t<\/div>\n\t\t\t\t\t<\/div>\n\t\t\t\t<\/div>\n\t\t<div class=\"elementor-element elementor-element-c4b34ac e-flex e-con-boxed e-con e-child\" data-id=\"c4b34ac\" data-element_type=\"container\" data-e-type=\"container\">\n\t\t\t\t\t<div class=\"e-con-inner\">\n\t\t\t\t<div class=\"elementor-element elementor-element-0fac4e3 elementor-widget elementor-widget-image\" data-id=\"0fac4e3\" data-element_type=\"widget\" data-e-type=\"widget\" data-settings=\"{&quot;_animation&quot;:&quot;none&quot;}\" data-widget_type=\"image.default\">\n\t\t\t\t<div class=\"elementor-widget-container\">\n\t\t\t\t\t\t\t\t\t\t\t\t\t\t\t<img loading=\"lazy\" decoding=\"async\" width=\"1000\" height=\"667\" src=\"https:\/\/awshussein.com\/wp-content\/uploads\/2024\/05\/aws-services-11.webp\" class=\"elementor-animation-hang attachment-full size-full wp-image-4298\" alt=\"Aws services 11\" srcset=\"\/\/awshussein.com\/wp-content\/uploads\/2024\/05\/aws-services-11.webp 1000w, \/\/awshussein.com\/wp-content\/uploads\/2024\/05\/aws-services-11-300x200.webp 300w, \/\/awshussein.com\/wp-content\/uploads\/2024\/05\/aws-services-11-768x512.webp 768w, \/\/awshussein.com\/wp-content\/uploads\/2024\/05\/aws-services-11-600x400.webp 600w\" sizes=\"auto, (max-width: 1000px) 100vw, 1000px\" loading=\"lazy\" title=\"\">\t\t\t\t\t\t\t\t\t\t\t\t\t\t\t<\/div>\n\t\t\t\t<\/div>\n\t\t\t\t<div class=\"elementor-element elementor-element-991440a elementor-widget elementor-widget-heading\" data-id=\"991440a\" data-element_type=\"widget\" data-e-type=\"widget\" data-widget_type=\"heading.default\">\n\t\t\t\t<div class=\"elementor-widget-container\">\n\t\t\t\t\t<p class=\"elementor-heading-title elementor-size-default\">Afi\u015f Tasar\u0131m\u0131<\/p>\t\t\t\t<\/div>\n\t\t\t\t<\/div>\n\t\t\t\t<div class=\"elementor-element elementor-element-94554e0 elementor-widget elementor-widget-heading\" data-id=\"94554e0\" data-element_type=\"widget\" data-e-type=\"widget\" data-widget_type=\"heading.default\">\n\t\t\t\t<div class=\"elementor-widget-container\">\n\t\t\t\t\t<p class=\"elementor-heading-title elementor-size-default\">Dikkat \u00e7ekmeye ve markan\u0131z\u0131 tan\u0131tmaya yard\u0131mc\u0131 olan yarat\u0131c\u0131 reklam tabela tasar\u0131m hizmetleri. Dijital reklamlar, pazarlama kampanyalar\u0131, sosyal medya siteleri veya \u00f6zel teklifler i\u00e7in farkl\u0131 ama\u00e7lara y\u00f6nelik afi\u015fler. Marka kimli\u011finizle uyumlu, g\u00f6z al\u0131c\u0131 tasar\u0131mlar.<\/p>\t\t\t\t<\/div>\n\t\t\t\t<\/div>\n\t\t\t\t\t<\/div>\n\t\t\t\t<\/div>\n\t\t<div class=\"elementor-element elementor-element-201d875 e-flex e-con-boxed e-con e-child\" data-id=\"201d875\" data-element_type=\"container\" data-e-type=\"container\">\n\t\t\t\t\t<div class=\"e-con-inner\">\n\t\t\t\t<div class=\"elementor-element elementor-element-8d43e5c elementor-widget elementor-widget-image\" data-id=\"8d43e5c\" data-element_type=\"widget\" data-e-type=\"widget\" data-settings=\"{&quot;_animation&quot;:&quot;none&quot;}\" data-widget_type=\"image.default\">\n\t\t\t\t<div class=\"elementor-widget-container\">\n\t\t\t\t\t\t\t\t\t\t\t\t\t\t\t<img loading=\"lazy\" decoding=\"async\" width=\"1000\" height=\"667\" src=\"https:\/\/awshussein.com\/wp-content\/uploads\/2024\/05\/aws-services-10.webp\" class=\"elementor-animation-hang attachment-full size-full wp-image-3982\" alt=\"Aws services 10\" srcset=\"\/\/awshussein.com\/wp-content\/uploads\/2024\/05\/aws-services-10.webp 1000w, \/\/awshussein.com\/wp-content\/uploads\/2024\/05\/aws-services-10-300x200.webp 300w, \/\/awshussein.com\/wp-content\/uploads\/2024\/05\/aws-services-10-768x512.webp 768w, \/\/awshussein.com\/wp-content\/uploads\/2024\/05\/aws-services-10-600x400.webp 600w\" sizes=\"auto, (max-width: 1000px) 100vw, 1000px\" loading=\"lazy\" title=\"\">\t\t\t\t\t\t\t\t\t\t\t\t\t\t\t<\/div>\n\t\t\t\t<\/div>\n\t\t\t\t<div class=\"elementor-element elementor-element-ce63a0c elementor-widget elementor-widget-heading\" data-id=\"ce63a0c\" data-element_type=\"widget\" data-e-type=\"widget\" data-widget_type=\"heading.default\">\n\t\t\t\t<div class=\"elementor-widget-container\">\n\t\t\t\t\t<p class=\"elementor-heading-title elementor-size-default\">Ambalaj Tasar\u0131m\u0131<\/p>\t\t\t\t<\/div>\n\t\t\t\t<\/div>\n\t\t\t\t<div class=\"elementor-element elementor-element-ea7da15 elementor-widget elementor-widget-heading\" data-id=\"ea7da15\" data-element_type=\"widget\" data-e-type=\"widget\" data-widget_type=\"heading.default\">\n\t\t\t\t<div class=\"elementor-widget-container\">\n\t\t\t\t\t<p class=\"elementor-heading-title elementor-size-default\">\u00dcr\u00fcnlerinizin ma\u011faza raflar\u0131nda belirgin ve \u00e7ekici bir \u015fekilde \u00f6ne \u00e7\u0131kmas\u0131n\u0131 sa\u011flayan ambalaj tasar\u0131m\u0131. En iyi kullan\u0131c\u0131 deneyimini sa\u011flamak i\u00e7in estetik ve i\u015flevsel unsurlar\u0131 g\u00f6z \u00f6n\u00fcnde bulundurarak marka kimli\u011finizi yans\u0131tan ve \u00fcr\u00fcn \u00e7ekicili\u011fini art\u0131ran tasar\u0131mlar olu\u015fturmaya odaklan\u0131yorum. \u00d6zel kutular, \u00e7antalar veya ambalajlar tasarlaman\u0131z gerekip gerekmedi\u011fi.<\/p>\t\t\t\t<\/div>\n\t\t\t\t<\/div>\n\t\t\t\t\t<\/div>\n\t\t\t\t<\/div>\n\t\t<div class=\"elementor-element elementor-element-8116ea6 e-flex e-con-boxed e-con e-child\" data-id=\"8116ea6\" data-element_type=\"container\" data-e-type=\"container\">\n\t\t\t\t\t<div class=\"e-con-inner\">\n\t\t\t\t<div class=\"elementor-element elementor-element-8b15f6a elementor-widget elementor-widget-image\" data-id=\"8b15f6a\" data-element_type=\"widget\" data-e-type=\"widget\" data-settings=\"{&quot;_animation&quot;:&quot;none&quot;}\" data-widget_type=\"image.default\">\n\t\t\t\t<div class=\"elementor-widget-container\">\n\t\t\t\t\t\t\t\t\t\t\t\t\t\t\t<img loading=\"lazy\" decoding=\"async\" width=\"1000\" height=\"667\" src=\"https:\/\/awshussein.com\/wp-content\/uploads\/2024\/05\/aws-services-9.webp\" class=\"elementor-animation-hang attachment-full size-full wp-image-3977\" alt=\"Aws services 9\" srcset=\"\/\/awshussein.com\/wp-content\/uploads\/2024\/05\/aws-services-9.webp 1000w, \/\/awshussein.com\/wp-content\/uploads\/2024\/05\/aws-services-9-300x200.webp 300w, \/\/awshussein.com\/wp-content\/uploads\/2024\/05\/aws-services-9-768x512.webp 768w, \/\/awshussein.com\/wp-content\/uploads\/2024\/05\/aws-services-9-600x400.webp 600w\" sizes=\"auto, (max-width: 1000px) 100vw, 1000px\" loading=\"lazy\" title=\"\">\t\t\t\t\t\t\t\t\t\t\t\t\t\t\t<\/div>\n\t\t\t\t<\/div>\n\t\t\t\t<div class=\"elementor-element elementor-element-98fdfd2 elementor-widget elementor-widget-heading\" data-id=\"98fdfd2\" data-element_type=\"widget\" data-e-type=\"widget\" data-widget_type=\"heading.default\">\n\t\t\t\t<div class=\"elementor-widget-container\">\n\t\t\t\t\t<p class=\"elementor-heading-title elementor-size-default\">Afi\u015f Tasar\u0131m\u0131<\/p>\t\t\t\t<\/div>\n\t\t\t\t<\/div>\n\t\t\t\t<div class=\"elementor-element elementor-element-ba3de35 elementor-widget elementor-widget-heading\" data-id=\"ba3de35\" data-element_type=\"widget\" data-e-type=\"widget\" data-widget_type=\"heading.default\">\n\t\t\t\t<div class=\"elementor-widget-container\">\n\t\t\t\t\t<p class=\"elementor-heading-title elementor-size-default\">Marka kimli\u011finizi yans\u0131tan ve tan\u0131tmak istedi\u011finiz teklifleri veya etkinlikleri vurgulayan yenilik\u00e7i ve \u00e7ekici tasar\u0131mlar olu\u015fturun. Etkinlikler, \u00fcr\u00fcnler veya reklam kampanyalar\u0131 i\u00e7in posterler olsun, g\u00f6ze \u00e7arpacak ve g\u00fc\u00e7l\u00fc bir etki yaratacak y\u00fcksek kaliteli tasar\u0131mlar\u0131 garanti ediyoruz.<\/p>\t\t\t\t<\/div>\n\t\t\t\t<\/div>\n\t\t\t\t\t<\/div>\n\t\t\t\t<\/div>\n\t\t\t\t\t<\/div>\n\t\t\t\t<\/div>\n\t\t\t\t\t<\/div>\n\t\t\t\t<\/div>\n\t\t<div class=\"elementor-element elementor-element-f523fd4 e-flex e-con-boxed e-con e-parent\" data-id=\"f523fd4\" data-element_type=\"container\" data-e-type=\"container\">\n\t\t\t\t\t<div class=\"e-con-inner\">\n\t\t\t\t<div class=\"elementor-element elementor-element-fe287cc elementor-widget elementor-widget-heading\" data-id=\"fe287cc\" data-element_type=\"widget\" data-e-type=\"widget\" data-widget_type=\"heading.default\">\n\t\t\t\t<div class=\"elementor-widget-container\">\n\t\t\t\t\t<h2 class=\"elementor-heading-title elementor-size-default\">Bir \u0130\u015f Kurmay\u0131 Planl\u0131yor musunuz?<\/h2>\t\t\t\t<\/div>\n\t\t\t\t<\/div>\n\t\t\t\t<div class=\"elementor-element elementor-element-2e7df0c elementor-widget elementor-widget-heading\" data-id=\"2e7df0c\" data-element_type=\"widget\" data-e-type=\"widget\" data-widget_type=\"heading.default\">\n\t\t\t\t<div class=\"elementor-widget-container\">\n\t\t\t\t\t<p class=\"elementor-heading-title elementor-size-default\">Nas\u0131l ba\u015flayaca\u011f\u0131n\u0131z\u0131 g\u00f6r\u00fc\u015fmek i\u00e7in \u015fimdi bana ula\u015f\u0131n<\/p>\t\t\t\t<\/div>\n\t\t\t\t<\/div>\n\t\t\t\t<div class=\"elementor-element elementor-element-5a0f5ea elementor-align-center elementor-tablet-align-center elementor-mobile-align-center elementor-widget__width-initial elementor-widget elementor-widget-button\" data-id=\"5a0f5ea\" data-element_type=\"widget\" data-e-type=\"widget\" data-settings=\"{&quot;_animation&quot;:&quot;none&quot;}\" data-widget_type=\"button.default\">\n\t\t\t\t<div class=\"elementor-widget-container\">\n\t\t\t\t\t\t\t\t\t<div class=\"elementor-button-wrapper\">\n\t\t\t\t\t<a class=\"elementor-button elementor-button-link elementor-size-sm\" href=\"https:\/\/awshussein.com\/tr\/iletisim\/\">\n\t\t\t\t\t\t<span class=\"elementor-button-content-wrapper\">\n\t\t\t\t\t\t\t\t\t<span class=\"elementor-button-text\">ileti\u015fim<\/span>\n\t\t\t\t\t<\/span>\n\t\t\t\t\t<\/a>\n\t\t\t\t<\/div>\n\t\t\t\t\t\t\t\t<\/div>\n\t\t\t\t<\/div>\n\t\t\t\t\t<\/div>\n\t\t\t\t<\/div>\n\t\t\t\t<\/div>\n\t\t","protected":false},"excerpt":{"rendered":"<p>Ne Yapar\u0131m Projenizin geli\u015ftirilmesinde ve ba\u015far\u0131s\u0131nda sizi desteklemeyi ama\u00e7layan \u00e7e\u015fitli yarat\u0131c\u0131 &#8230; <\/p>\n","protected":false},"author":3,"featured_media":0,"parent":0,"menu_order":0,"comment_status":"closed","ping_status":"closed","template":"","meta":{"footnotes":""},"class_list":["post-5980","page","type-page","status-publish","hentry"],"_links":{"self":[{"href":"https:\/\/awshussein.com\/tr\/wp-json\/wp\/v2\/pages\/5980","targetHints":{"allow":["GET"]}}],"collection":[{"href":"https:\/\/awshussein.com\/tr\/wp-json\/wp\/v2\/pages"}],"about":[{"href":"https:\/\/awshussein.com\/tr\/wp-json\/wp\/v2\/types\/page"}],"author":[{"embeddable":true,"href":"https:\/\/awshussein.com\/tr\/wp-json\/wp\/v2\/users\/3"}],"replies":[{"embeddable":true,"href":"https:\/\/awshussein.com\/tr\/wp-json\/wp\/v2\/comments?post=5980"}],"version-history":[{"count":0,"href":"https:\/\/awshussein.com\/tr\/wp-json\/wp\/v2\/pages\/5980\/revisions"}],"wp:attachment":[{"href":"https:\/\/awshussein.com\/tr\/wp-json\/wp\/v2\/media?parent=5980"}],"curies":[{"name":"wp","href":"https:\/\/api.w.org\/{rel}","templated":true}]}}