{"id":5990,"date":"2024-04-22T20:12:53","date_gmt":"2024-04-22T20:12:53","guid":{"rendered":"https:\/\/awshussein.com\/gizlilik-politikasi\/"},"modified":"2024-08-27T06:01:59","modified_gmt":"2024-08-27T06:01:59","slug":"gizlilik-politikasi","status":"publish","type":"page","link":"https:\/\/awshussein.com\/tr\/gizlilik-politikasi\/","title":{"rendered":"Gizlilik Politikas\u0131"},"content":{"rendered":"\t\t<div data-elementor-type=\"wp-page\" data-elementor-id=\"5990\" class=\"elementor elementor-5990\" data-elementor-post-type=\"page\">\n\t\t\t\t<div class=\"elementor-element elementor-element-7bc763b4 e-flex e-con-boxed e-con e-parent\" data-id=\"7bc763b4\" data-element_type=\"container\" data-e-type=\"container\">\n\t\t\t\t\t<div class=\"e-con-inner\">\n\t\t\t\t<div class=\"elementor-element elementor-element-6f994bcf elementor-widget elementor-widget-text-editor\" data-id=\"6f994bcf\" data-element_type=\"widget\" data-e-type=\"widget\" data-widget_type=\"text-editor.default\">\n\t\t\t\t<div class=\"elementor-widget-container\">\n\t\t\t\t\t\t\t\t\t\n<h3>Biz kimiz<\/h3>\n<p>Web sitemizin adresi: https:\/\/awshussein.com<\/p>\n<h3>Yorum<\/h3>\n<p>Ziyaret\u00e7iler sitede yorum b\u0131rakt\u0131\u011f\u0131nda, yorum formunda g\u00f6sterilen verileri ve ayr\u0131ca spam tespitine yard\u0131mc\u0131 olmak i\u00e7in ziyaret\u00e7inin IP adresini ve taray\u0131c\u0131 kullan\u0131c\u0131 arac\u0131s\u0131 dizesini toplar\u0131z.<\/p>\n<p>E-posta adresinizden olu\u015fturulan anonimle\u015ftirilmi\u015f bir dize (karma olarak da adland\u0131r\u0131l\u0131r), kullan\u0131p kullanmad\u0131\u011f\u0131n\u0131z\u0131 g\u00f6rmek i\u00e7in Gravatar hizmetine sa\u011flanabilir. Gravatar hizmeti gizlilik politikas\u0131 burada mevcuttur: https:\/\/automattic.com\/privacy\/. Yorumunuzun onaylanmas\u0131ndan sonra, profil resminiz yorumunuz ba\u011flam\u0131nda herkes taraf\u0131ndan g\u00f6r\u00fclebilir.<\/p>\n<h3>Medya<\/h3>\n<p>G\u00f6r\u00fcnt\u00fcleri web sitesine y\u00fcklerseniz, g\u00f6m\u00fcl\u00fc konum verileri (EXIF GPS) i\u00e7eren g\u00f6r\u00fcnt\u00fcleri y\u00fcklemekten ka\u00e7\u0131nmal\u0131s\u0131n\u0131z. Web sitesini ziyaret edenler, web sitesindeki resimlerden herhangi bir konum verisini indirebilir ve \u00e7\u0131karabilir.<\/p>\n<h3>\u00e7erez<\/h3>\n<p>Sitemize bir yorum b\u0131rak\u0131rsan\u0131z, ad\u0131n\u0131z\u0131, e-posta adresinizi ve web sitenizi \u00e7erezlere kaydetmeyi se\u00e7ebilirsiniz. Bunlar size kolayl\u0131k sa\u011flamak i\u00e7indir, b\u00f6ylece ba\u015fka bir yorum b\u0131rakt\u0131\u011f\u0131n\u0131zda bilgilerinizi tekrar doldurmak zorunda kalmazs\u0131n\u0131z. Bu \u00e7erezler bir y\u0131l s\u00fcrecek.<\/p>\n<p>Giri\u015f sayfam\u0131z\u0131 ziyaret ederseniz, taray\u0131c\u0131n\u0131z\u0131n \u00e7erezleri kabul edip etmedi\u011fini belirlemek i\u00e7in ge\u00e7ici bir \u00e7erez ayarlayaca\u011f\u0131z. Bu \u00e7erez hi\u00e7bir ki\u015fisel veri i\u00e7ermez ve taray\u0131c\u0131n\u0131z\u0131 kapatt\u0131\u011f\u0131n\u0131zda at\u0131l\u0131r.<\/p>\n<p>Oturum a\u00e7t\u0131\u011f\u0131n\u0131zda, oturum a\u00e7ma bilgilerinizi ve ekran g\u00f6r\u00fcnt\u00fcleme tercihlerinizi kaydetmek i\u00e7in birka\u00e7 \u00e7erez de ayarlayaca\u011f\u0131z. Giri\u015f \u00e7erezleri iki g\u00fcn s\u00fcrer ve ekran se\u00e7enekleri \u00e7erezleri bir y\u0131l s\u00fcrer. &#8220;Beni Hat\u0131rla&#8221; y\u0131 se\u00e7erseniz, giri\u015finiz iki hafta boyunca devam edecektir. Hesab\u0131n\u0131zdan \u00e7\u0131k\u0131\u015f yaparsan\u0131z, giri\u015f \u00e7erezleri kald\u0131r\u0131lacakt\u0131r.<\/p>\n<p>Bir makaleyi d\u00fczenler veya yay\u0131nlarsan\u0131z, taray\u0131c\u0131n\u0131za ek bir \u00e7erez kaydedilir. Bu \u00e7erez hi\u00e7bir ki\u015fisel veri i\u00e7ermez ve sadece d\u00fczenledi\u011finiz makalenin posta kimli\u011fini g\u00f6sterir. 1 g\u00fcn sonra sona erer.<\/p>\n<h3>Di\u011fer web sitelerinden g\u00f6m\u00fcl\u00fc i\u00e7erik<\/h3>\n<p>Bu sitedeki makaleler g\u00f6m\u00fcl\u00fc i\u00e7erik (\u00f6r. videolar, resimler, makaleler vb.) i\u00e7erebilir. Di\u011fer web sitelerinden gelen g\u00f6m\u00fcl\u00fc i\u00e7erik, ziyaret\u00e7inin di\u011fer web sitesini ziyaret etmi\u015f gibi davran\u0131r.<\/p>\n<p>Bu web siteleri, sizin hakk\u0131n\u0131zda veri toplayabilir, \u00e7erezleri kullanabilir, ek \u00fc\u00e7\u00fcnc\u00fc taraf takibi yerle\u015ftirebilir ve bir hesab\u0131n\u0131z varsa ve bu web sitesinde oturum a\u00e7t\u0131ysan\u0131z, g\u00f6m\u00fcl\u00fc i\u00e7erikle etkile\u015fiminizi izlemek de dahil olmak \u00fczere, bu g\u00f6m\u00fcl\u00fc i\u00e7erikle etkile\u015fiminizi izleyebilir.<\/p>\n<h3>Verilerinizi kimlerle payla\u015f\u0131yoruz?<\/h3>\n<p>Parola s\u0131f\u0131rlama talebinde bulunursan\u0131z, IP adresiniz s\u0131f\u0131rlama e-postas\u0131na dahil edilecektir.<\/p>\n<h3>Verilerinizi ne kadar s\u00fcreyle sakl\u0131yoruz?<\/h3>\n<p>Bir yorum b\u0131rak\u0131rsan\u0131z, yorum ve meta verileri s\u00fcresiz olarak saklan\u0131r. Bu, takip eden yorumlar\u0131 bir denetleme kuyru\u011funda tutmak yerine otomatik olarak tan\u0131yabilmemiz ve onaylayabilmemiz i\u00e7indir.<\/p>\n<p>Web sitemize kaydolan kullan\u0131c\u0131lar i\u00e7in (varsa), sa\u011flad\u0131klar\u0131 ki\u015fisel bilgileri kullan\u0131c\u0131 profillerinde de saklar\u0131z. T\u00fcm kullan\u0131c\u0131lar ki\u015fisel bilgilerini istedikleri zaman g\u00f6rebilir, d\u00fczenleyebilir veya silebilir (kullan\u0131c\u0131 adlar\u0131n\u0131 de\u011fi\u015ftirememeleri d\u0131\u015f\u0131nda). Web sitesi y\u00f6neticileri de bu bilgileri g\u00f6rebilir ve d\u00fczenleyebilir.<\/p>\n<h3>Verileriniz \u00fczerinde hangi haklara sahipsiniz?<\/h3>\n<p>Bu sitede bir hesab\u0131n\u0131z varsa veya yorum b\u0131rakt\u0131ysan\u0131z, bize sa\u011flad\u0131\u011f\u0131n\u0131z veriler de dahil olmak \u00fczere, hakk\u0131n\u0131zda tuttu\u011fumuz ki\u015fisel verilerin d\u0131\u015fa aktar\u0131lm\u0131\u015f bir dosyas\u0131n\u0131 almay\u0131 talep edebilirsiniz. Ayr\u0131ca, hakk\u0131n\u0131zda tuttu\u011fumuz t\u00fcm ki\u015fisel verileri silmemizi de talep edebilirsiniz. Bu, idari, yasal veya g\u00fcvenlik ama\u00e7lar\u0131yla saklamak zorunda oldu\u011fumuz hi\u00e7bir veriyi i\u00e7ermez.<\/p>\n<h3>Verileriniz nereye g\u00f6nderilir?<\/h3>\n<p>Ziyaret\u00e7i yorumlar\u0131, otomatik bir spam alg\u0131lama hizmeti arac\u0131l\u0131\u011f\u0131yla kontrol edilebilir.<\/p>\n<p>Son G\u00fcncelleme 20\/04\/2024<\/p>\t\t\t\t\t\t\t\t<\/div>\n\t\t\t\t<\/div>\n\t\t\t\t\t<\/div>\n\t\t\t\t<\/div>\n\t\t\t\t<\/div>\n\t\t","protected":false},"excerpt":{"rendered":"<p>Biz kimiz Web sitemizin adresi: Yorum Ziyaret\u00e7iler sitede yorum b\u0131rakt\u0131\u011f\u0131nda, yorum &#8230; <\/p>\n","protected":false},"author":3,"featured_media":0,"parent":0,"menu_order":0,"comment_status":"closed","ping_status":"closed","template":"","meta":{"footnotes":""},"class_list":["post-5990","page","type-page","status-publish","hentry"],"_links":{"self":[{"href":"https:\/\/awshussein.com\/tr\/wp-json\/wp\/v2\/pages\/5990","targetHints":{"allow":["GET"]}}],"collection":[{"href":"https:\/\/awshussein.com\/tr\/wp-json\/wp\/v2\/pages"}],"about":[{"href":"https:\/\/awshussein.com\/tr\/wp-json\/wp\/v2\/types\/page"}],"author":[{"embeddable":true,"href":"https:\/\/awshussein.com\/tr\/wp-json\/wp\/v2\/users\/3"}],"replies":[{"embeddable":true,"href":"https:\/\/awshussein.com\/tr\/wp-json\/wp\/v2\/comments?post=5990"}],"version-history":[{"count":0,"href":"https:\/\/awshussein.com\/tr\/wp-json\/wp\/v2\/pages\/5990\/revisions"}],"wp:attachment":[{"href":"https:\/\/awshussein.com\/tr\/wp-json\/wp\/v2\/media?parent=5990"}],"curies":[{"name":"wp","href":"https:\/\/api.w.org\/{rel}","templated":true}]}}